    {"id":25,"date":"2025-11-14T17:26:10","date_gmt":"2025-11-14T17:26:10","guid":{"rendered":"https:\/\/wivlox.com\/?page_id=25"},"modified":"2025-11-14T20:03:15","modified_gmt":"2025-11-14T20:03:15","slug":"about","status":"publish","type":"page","link":"https:\/\/wivlox.com\/fr\/about\/","title":{"rendered":"\u00c0 propos de nous"},"content":{"rendered":"<p>Wivlox est votre partenaire de confiance pour une gestion financi\u00e8re plus claire. Nous sommes une ressource mondiale en finances personnelles, d\u00e9di\u00e9e \u00e0 aider chacun \u00e0 prendre des d\u00e9cisions financi\u00e8res judicieuses, \u00e0 se constituer un bon historique de cr\u00e9dit et \u00e0 g\u00e9rer ses pr\u00eats en toute s\u00e9r\u00e9nit\u00e9. Nous sommes convaincus que la gestion de l&#039;argent ne devrait pas \u00eatre un myst\u00e8re\u00a0: elle devrait vous permettre de vivre pleinement votre vie.<\/p>\n\n\n\n<h2 class=\"wp-block-heading\"><strong>Pourquoi nous existons<\/strong><\/h2>\n\n\n\n<p>L&#039;\u00e9ducation financi\u00e8re n&#039;est pas un luxe\u00a0; elle est essentielle au bien-\u00eatre \u00e9conomique. Pourtant, des \u00e9tudes montrent que de nombreux adultes manquent de connaissances de base en mati\u00e8re de banque, de cr\u00e9dit, de gestion de la dette et d&#039;\u00e9pargne. En effet, l&#039;indice TIAA\/GFLEC des finances personnelles de 2022 a r\u00e9v\u00e9l\u00e9 que les adultes am\u00e9ricains, en moyenne, n&#039;ont r\u00e9pondu correctement qu&#039;\u00e0 la moiti\u00e9 des questions. Ceux qui ont obtenu les scores les plus faibles \u00e9taient plus susceptibles d&#039;\u00eatre fortement endett\u00e9s, de vivre au jour le jour et d&#039;avoir des difficult\u00e9s \u00e0 \u00e9pargner. Une autre enqu\u00eate a r\u00e9v\u00e9l\u00e9 que les personnes ayant une faible culture financi\u00e8re \u00e9taient plus enclines \u00e0 d\u00e9penser excessivement, \u00e0 manquer d&#039;\u00e9conomies d&#039;urgence et \u00e0 encourir des frais de retard de paiement.<\/p>\n\n\n\n<p>Face \u00e0 cette situation, nous sommes convaincus qu&#039;il est temps d&#039;agir. Wivlox a \u00e9t\u00e9 cr\u00e9\u00e9 pour combler ce manque de connaissances en fournissant des conseils clairs et fiables sur les bases des finances personnelles\u00a0: gestion budg\u00e9taire, \u00e9pargne, compr\u00e9hension des scores de cr\u00e9dit et comparaison des offres de pr\u00eat. Notre mission est de d\u00e9mystifier l&#039;argent pour vous permettre d&#039;\u00e9viter les pi\u00e8ges courants comme les d\u00e9penses excessives et l&#039;endettement insoutenable.<\/p>\n\n\n\n<h2 class=\"wp-block-heading\"><strong>Ce que nous proposons<\/strong><\/h2>\n\n\n\n<p>Chez Wivlox, nous nous concentrons sur trois piliers fondamentaux\u00a0:<\/p>\n\n\n\n<ul>\n<li><strong>\u00c9ducation financi\u00e8re personnelle\u00a0:<\/strong> Nous d\u00e9composons des concepts comme la gestion budg\u00e9taire, l&#039;\u00e9pargne, l&#039;investissement et le traitement des dettes en \u00e9tapes concr\u00e8tes. Apprendre \u00e0 \u00e9tablir un budget, \u00e0 suivre ses d\u00e9penses et \u00e0 d\u00e9finir des objectifs d&#039;\u00e9pargne prioritaires permet d&#039;atteindre plus rapidement ses objectifs et de se sentir plus serein.<\/li>\n\n\n\n<li><strong>Conseils en mati\u00e8re de cr\u00e9dit et de pr\u00eats\u00a0:<\/strong> Comprendre le cr\u00e9dit est essentiel pour emprunter de mani\u00e8re responsable. Nous expliquons le fonctionnement des scores de cr\u00e9dit, comment am\u00e9liorer ou consolider son historique de cr\u00e9dit et comment choisir judicieusement ses pr\u00eats. Ces connaissances permettent d&#039;\u00e9viter des erreurs co\u00fbteuses, comme des hausses de taux d&#039;int\u00e9r\u00eat inattendues sur les pr\u00eats \u00e0 taux variable ou des p\u00e9nalit\u00e9s en cas de remboursement anticip\u00e9.<\/li>\n\n\n\n<li><strong>Outils de gestion financi\u00e8re\u00a0:<\/strong> Nous mettons \u00e0 votre disposition des calculateurs, des listes de contr\u00f4le et des mod\u00e8les pour vous aider \u00e0 planifier et \u00e0 g\u00e9rer vos finances. Nous partageons \u00e9galement des actualit\u00e9s et des analyses sur les taux d&#039;int\u00e9r\u00eat, les produits financiers et les tendances \u00e9conomiques afin de vous permettre de prendre des d\u00e9cisions \u00e9clair\u00e9es.<\/li>\n<\/ul>\n\n\n\n<h2 class=\"wp-block-heading\"><strong>Comment nous cr\u00e9ons notre contenu<\/strong><\/h2>\n\n\n\n<p>Nous s\u00e9lectionnons des analyses issues de sources fiables, garantissant ainsi que chaque type de strat\u00e9gie repose sur des recherches reconnues et des pratiques exemplaires. Notre objectif est de traduire des concepts financiers complexes en conseils accessibles et motivants, applicables par tous, que vous d\u00e9butiez dans la gestion de vos finances ou cherchiez \u00e0 perfectionner votre strat\u00e9gie financi\u00e8re.<\/p>\n\n\n\n<h2 class=\"wp-block-heading\"><strong>Votre partenaire pour la croissance financi\u00e8re<\/strong><\/h2>\n\n\n\n<p>Nous savons que g\u00e9rer son argent peut \u00eatre une source de stress, surtout quand on sait que 191 millions d&#039;adultes interrog\u00e9s lors d&#039;une r\u00e9cente enqu\u00eate de la R\u00e9serve f\u00e9d\u00e9rale ont d\u00e9clar\u00e9 avoir du mal \u00e0 joindre les deux bouts, tandis que 81 millions d&#039;autres ont indiqu\u00e9 avoir des difficult\u00e9s financi\u00e8res. Wivlox est l\u00e0 pour changer la donne. En vous aidant \u00e0 d\u00e9velopper vos connaissances et votre confiance en mati\u00e8re de finances, nous souhaitons vous donner les moyens de faire des choix qui favorisent votre bien-\u00eatre \u00e0 long terme, en \u00e9vitant les d\u00e9penses excessives, les dettes insoutenables et autres cons\u00e9quences n\u00e9fastes de mauvaises d\u00e9cisions financi\u00e8res.<\/p>\n\n\n\n<p>Merci de faire confiance \u00e0 Wivlox comme conseiller financier personnel. Ensemble, nous pouvons transformer nos connaissances en actions et b\u00e2tir un avenir financier plus serein.<\/p>","protected":false},"excerpt":{"rendered":"<p>Wivlox est votre partenaire de confiance pour une vision financi\u00e8re claire. Nous sommes une ressource mondiale en finances personnelles d\u00e9di\u00e9e \u00e0 aider chacun \u00e0 prendre des d\u00e9cisions financi\u00e8res judicieuses, \u00e0 se constituer un bon historique de cr\u00e9dit et \u00e0 g\u00e9rer ses pr\u00eats en toute s\u00e9r\u00e9nit\u00e9. Nous pensons que la gestion de l&#039;argent ne devrait pas \u00eatre un myst\u00e8re\u00a0: elle devrait vous permettre de vivre la vie que vous souhaitez. Notre raison d&#039;\u00eatre [\u2026]<\/p>","protected":false},"author":9,"featured_media":0,"parent":0,"menu_order":0,"comment_status":"closed","ping_status":"closed","template":"","meta":{"footnotes":""},"yoast_head":"<!-- This site is optimized with the Yoast SEO plugin v23.3 - https:\/\/yoast.com\/wordpress\/plugins\/seo\/ -->\n<title>About Us - wivlox.com<\/title>\n<meta name=\"robots\" content=\"index, follow, max-snippet:-1, max-image-preview:large, max-video-preview:-1\" \/>\n<link rel=\"canonical\" href=\"https:\/\/wivlox.com\/fr\/about\/\" \/>\n<meta property=\"og:locale\" content=\"fr_FR\" \/>\n<meta property=\"og:type\" content=\"article\" \/>\n<meta property=\"og:title\" content=\"About Us - wivlox.com\" \/>\n<meta property=\"og:description\" content=\"Wivlox is your trusted partner on the journey to financial clarity. We are a global personal finance resource dedicated to helping everyday people make smart money decisions, build healthy credit, and navigate loans with confidence. We believe that money management shouldn\u2019t be mysterious\u2014it should empower you to live the life you want. Why We Exist [&hellip;]\" \/>\n<meta property=\"og:url\" content=\"https:\/\/wivlox.com\/fr\/about\/\" \/>\n<meta property=\"og:site_name\" content=\"wivlox.com\" \/>\n<meta property=\"article:modified_time\" content=\"2025-11-14T20:03:15+00:00\" \/>\n<meta name=\"twitter:card\" content=\"summary_large_image\" \/>\n<meta name=\"twitter:label1\" content=\"Est. reading time\" \/>\n\t<meta name=\"twitter:data1\" content=\"3 minutes\" \/>\n<script type=\"application\/ld+json\" class=\"yoast-schema-graph\">{\"@context\":\"https:\/\/schema.org\",\"@graph\":[{\"@type\":\"WebPage\",\"@id\":\"https:\/\/wivlox.com\/about\/\",\"url\":\"https:\/\/wivlox.com\/about\/\",\"name\":\"About Us - wivlox.com\",\"isPartOf\":{\"@id\":\"https:\/\/wivlox.com\/#website\"},\"datePublished\":\"2025-11-14T17:26:10+00:00\",\"dateModified\":\"2025-11-14T20:03:15+00:00\",\"breadcrumb\":{\"@id\":\"https:\/\/wivlox.com\/about\/#breadcrumb\"},\"inLanguage\":\"fr-FR\",\"potentialAction\":[{\"@type\":\"ReadAction\",\"target\":[\"https:\/\/wivlox.com\/about\/\"]}]},{\"@type\":\"BreadcrumbList\",\"@id\":\"https:\/\/wivlox.com\/about\/#breadcrumb\",\"itemListElement\":[{\"@type\":\"ListItem\",\"position\":1,\"name\":\"Home\",\"item\":\"https:\/\/wivlox.com\/\"},{\"@type\":\"ListItem\",\"position\":2,\"name\":\"About Us\"}]},{\"@type\":\"WebSite\",\"@id\":\"https:\/\/wivlox.com\/#website\",\"url\":\"https:\/\/wivlox.com\/\",\"name\":\"wivlox.com\",\"description\":\"\",\"publisher\":{\"@id\":\"https:\/\/wivlox.com\/#organization\"},\"potentialAction\":[{\"@type\":\"SearchAction\",\"target\":{\"@type\":\"EntryPoint\",\"urlTemplate\":\"https:\/\/wivlox.com\/?s={search_term_string}\"},\"query-input\":\"required name=search_term_string\"}],\"inLanguage\":\"fr-FR\"},{\"@type\":\"Organization\",\"@id\":\"https:\/\/wivlox.com\/#organization\",\"name\":\"wivlox.com\",\"url\":\"https:\/\/wivlox.com\/\",\"logo\":{\"@type\":\"ImageObject\",\"inLanguage\":\"fr-FR\",\"@id\":\"https:\/\/wivlox.com\/#\/schema\/logo\/image\/\",\"url\":\"https:\/\/wivlox.com\/wp-content\/uploads\/sites\/660\/2025\/11\/Wivlox-Logo.png\",\"contentUrl\":\"https:\/\/wivlox.com\/wp-content\/uploads\/sites\/660\/2025\/11\/Wivlox-Logo.png\",\"width\":500,\"height\":500,\"caption\":\"wivlox.com\"},\"image\":{\"@id\":\"https:\/\/wivlox.com\/#\/schema\/logo\/image\/\"}}]}<\/script>\n<!-- \/ Yoast SEO plugin. -->","yoast_head_json":{"title":"About Us - wivlox.com","robots":{"index":"index","follow":"follow","max-snippet":"max-snippet:-1","max-image-preview":"max-image-preview:large","max-video-preview":"max-video-preview:-1"},"canonical":"https:\/\/wivlox.com\/fr\/about\/","og_locale":"fr_FR","og_type":"article","og_title":"About Us - wivlox.com","og_description":"Wivlox is your trusted partner on the journey to financial clarity. We are a global personal finance resource dedicated to helping everyday people make smart money decisions, build healthy credit, and navigate loans with confidence. We believe that money management shouldn\u2019t be mysterious\u2014it should empower you to live the life you want. Why We Exist [&hellip;]","og_url":"https:\/\/wivlox.com\/fr\/about\/","og_site_name":"wivlox.com","article_modified_time":"2025-11-14T20:03:15+00:00","twitter_card":"summary_large_image","twitter_misc":{"Est. reading time":"3 minutes"},"schema":{"@context":"https:\/\/schema.org","@graph":[{"@type":"WebPage","@id":"https:\/\/wivlox.com\/about\/","url":"https:\/\/wivlox.com\/about\/","name":"About Us - wivlox.com","isPartOf":{"@id":"https:\/\/wivlox.com\/#website"},"datePublished":"2025-11-14T17:26:10+00:00","dateModified":"2025-11-14T20:03:15+00:00","breadcrumb":{"@id":"https:\/\/wivlox.com\/about\/#breadcrumb"},"inLanguage":"fr-FR","potentialAction":[{"@type":"ReadAction","target":["https:\/\/wivlox.com\/about\/"]}]},{"@type":"BreadcrumbList","@id":"https:\/\/wivlox.com\/about\/#breadcrumb","itemListElement":[{"@type":"ListItem","position":1,"name":"Home","item":"https:\/\/wivlox.com\/"},{"@type":"ListItem","position":2,"name":"About Us"}]},{"@type":"WebSite","@id":"https:\/\/wivlox.com\/#website","url":"https:\/\/wivlox.com\/","name":"wivlox.com","description":"","publisher":{"@id":"https:\/\/wivlox.com\/#organization"},"potentialAction":[{"@type":"SearchAction","target":{"@type":"EntryPoint","urlTemplate":"https:\/\/wivlox.com\/?s={search_term_string}"},"query-input":"required name=search_term_string"}],"inLanguage":"fr-FR"},{"@type":"Organization","@id":"https:\/\/wivlox.com\/#organization","name":"wivlox.com","url":"https:\/\/wivlox.com\/","logo":{"@type":"ImageObject","inLanguage":"fr-FR","@id":"https:\/\/wivlox.com\/#\/schema\/logo\/image\/","url":"https:\/\/wivlox.com\/wp-content\/uploads\/sites\/660\/2025\/11\/Wivlox-Logo.png","contentUrl":"https:\/\/wivlox.com\/wp-content\/uploads\/sites\/660\/2025\/11\/Wivlox-Logo.png","width":500,"height":500,"caption":"wivlox.com"},"image":{"@id":"https:\/\/wivlox.com\/#\/schema\/logo\/image\/"}}]}},"_links":{"self":[{"href":"https:\/\/wivlox.com\/fr\/wp-json\/wp\/v2\/pages\/25"}],"collection":[{"href":"https:\/\/wivlox.com\/fr\/wp-json\/wp\/v2\/pages"}],"about":[{"href":"https:\/\/wivlox.com\/fr\/wp-json\/wp\/v2\/types\/page"}],"author":[{"embeddable":true,"href":"https:\/\/wivlox.com\/fr\/wp-json\/wp\/v2\/users\/9"}],"replies":[{"embeddable":true,"href":"https:\/\/wivlox.com\/fr\/wp-json\/wp\/v2\/comments?post=25"}],"version-history":[{"count":2,"href":"https:\/\/wivlox.com\/fr\/wp-json\/wp\/v2\/pages\/25\/revisions"}],"predecessor-version":[{"id":238,"href":"https:\/\/wivlox.com\/fr\/wp-json\/wp\/v2\/pages\/25\/revisions\/238"}],"wp:attachment":[{"href":"https:\/\/wivlox.com\/fr\/wp-json\/wp\/v2\/media?parent=25"}],"curies":[{"name":"wp","href":"https:\/\/api.w.org\/{rel}","templated":true}]}}