    {"id":27,"date":"2025-11-14T17:26:27","date_gmt":"2025-11-14T17:26:27","guid":{"rendered":"https:\/\/wivlox.com\/?page_id=27"},"modified":"2025-11-14T19:19:44","modified_gmt":"2025-11-14T19:19:44","slug":"terms","status":"publish","type":"page","link":"https:\/\/wivlox.com\/fr\/terms\/","title":{"rendered":"Termes et conditions"},"content":{"rendered":"<p><em>Derni\u00e8re mise \u00e0 jour : 14 novembre 2025<\/em><\/p>\n\n\n\n<h2 class=\"wp-block-heading\"><strong>Introduction et acceptation des conditions<\/strong><\/h2>\n\n\n\n<p>Wivlox.com (le \u00ab\u00a0Site\u00a0\u00bb) est un blog d&#039;information international \u00e0 vocation p\u00e9dagogique et culturelle. Il ne propose ni ne vend aucun produit ni service. Les pr\u00e9sentes Conditions g\u00e9n\u00e9rales d&#039;utilisation (\u00ab\u00a0Conditions\u00a0\u00bb) r\u00e9gissent votre acc\u00e8s au Site et son utilisation. En acc\u00e9dant \u00e0 Wivlox.com ou en l&#039;utilisant, vous reconnaissez avoir lu, compris et accept\u00e9 les pr\u00e9sentes Conditions. Si vous n&#039;acceptez pas l&#039;une quelconque de ces Conditions, veuillez vous abstenir d&#039;utiliser le Site.<\/p>\n\n\n\n<h2 class=\"wp-block-heading\"><strong>Admissibilit\u00e9 et acc\u00e8s<\/strong><\/h2>\n\n\n\n<p>Vous devez vous assurer d&#039;\u00eatre l\u00e9galement autoris\u00e9 \u00e0 utiliser le Site. En utilisant Wivlox.com, vous d\u00e9clarez \u00eatre majeur dans votre juridiction (ou utiliser le Site sous la supervision d&#039;un parent ou tuteur l\u00e9gal si vous \u00eates mineur) et avoir la capacit\u00e9 juridique de consentir aux pr\u00e9sentes Conditions. Le Site est destin\u00e9 aux utilisateurs capables de conclure des accords juridiquement contraignants. <strong>Ne convient pas aux enfants de moins de 13 ans.<\/strong>Il vous incombe de respecter toutes les lois et r\u00e9glementations locales applicables \u00e0 votre acc\u00e8s au Site. Si l&#039;utilisation du Site ou de son contenu est contraire aux lois en vigueur dans votre lieu de r\u00e9sidence, vous ne devez pas utiliser le Site.<\/p>\n\n\n\n<h2 class=\"wp-block-heading\"><strong>Droits de propri\u00e9t\u00e9 intellectuelle<\/strong><\/h2>\n\n\n\n<p>L&#039;ensemble du contenu de Wivlox.com, y compris, mais sans s&#039;y limiter, les textes, articles, graphiques, logos, images et leur compilation, est la propri\u00e9t\u00e9 du propri\u00e9taire du site ou de ses fournisseurs de contenu et est prot\u00e9g\u00e9 par les lois internationales sur le droit d&#039;auteur, les marques de commerce et autres lois sur la propri\u00e9t\u00e9 intellectuelle. <strong>Wivlox<\/strong> (et le logo Wivlox, le cas \u00e9ch\u00e9ant) et les marques associ\u00e9es sont des marques d\u00e9pos\u00e9es ou des marques de service appartenant au propri\u00e9taire du site. Vous b\u00e9n\u00e9ficiez d&#039;une licence limit\u00e9e, non exclusive et non transf\u00e9rable vous autorisant \u00e0 acc\u00e9der au contenu et \u00e0 le consulter pour votre usage personnel et non commercial uniquement. <strong>Vous n&#039;\u00eates pas autoris\u00e9 \u00e0 reproduire, distribuer, modifier, cr\u00e9er des \u0153uvres d\u00e9riv\u00e9es, afficher publiquement ou exploiter commercialement tout contenu du Site.<\/strong> Toute utilisation non autoris\u00e9e du contenu est susceptible d&#039;enfreindre les lois sur le droit d&#039;auteur, les marques de commerce et autres r\u00e9glementations applicables, sauf autorisation \u00e9crite pr\u00e9alable du propri\u00e9taire du site.<\/p>\n\n\n\n<h2 class=\"wp-block-heading\"><strong>Politique d&#039;utilisation acceptable<\/strong><\/h2>\n\n\n\n<p>En utilisant Wivlox.com, vous acceptez de le faire de mani\u00e8re l\u00e9gale, \u00e9thique et respectueuse. <strong>Vous ne devez pas :<\/strong><\/p>\n\n\n\n<ul>\n<li>Utiliser le Site de quelque mani\u00e8re que ce soit qui enfreigne toute loi ou r\u00e9glementation applicable, ou \u00e0 des fins ill\u00e9gales.<\/li>\n\n\n\n<li>Toute tentative d&#039;acc\u00e8s non autoris\u00e9 \u00e0 une partie ou une fonctionnalit\u00e9 du Site, aux donn\u00e9es d&#039;autres utilisateurs (le cas \u00e9ch\u00e9ant), ou \u00e0 tout syst\u00e8me ou r\u00e9seau connect\u00e9 au Site, par piratage, extraction de mots de passe ou tout autre moyen ill\u00e9gitime, est interdite.<\/li>\n\n\n\n<li>Toute activit\u00e9 susceptible de perturber le bon fonctionnement du Site ou des serveurs et r\u00e9seaux qui l&#039;h\u00e9bergent est interdite. Ceci inclut l&#039;introduction de code malveillant ou de virus, le lancement d&#039;attaques par d\u00e9ni de service (DoS) ou toute autre tentative visant \u00e0 perturber les performances ou la s\u00e9curit\u00e9 du Site.<\/li>\n\n\n\n<li>Utiliser le Site pour harceler, menacer, d\u00e9nigrer ou escroquer toute personne ou entit\u00e9, ou transmettre tout contenu ill\u00e9gal, diffamatoire, obsc\u00e8ne, offensant ou autrement r\u00e9pr\u00e9hensible.<\/li>\n\n\n\n<li>Exploiter le Site ou y acc\u00e9der d&#039;une mani\u00e8re non pr\u00e9vue par nous, par exemple en utilisant des outils automatis\u00e9s (bots, scrapers ou crawlers) pour collecter des donn\u00e9es ou du contenu du Site sans notre autorisation \u00e9crite expresse.<\/li>\n\n\n\n<li>N\u2019utilisez pas le Site pour faire la publicit\u00e9 ou la promotion de produits ou de services sans notre autorisation pr\u00e9alable, ni pour envoyer des communications non sollicit\u00e9es (spam), des cha\u00eenes de lettres, des messages d\u2019hame\u00e7onnage ou toute autre sollicitation non autoris\u00e9e similaire.<\/li>\n<\/ul>\n\n\n\n<p>Toute violation de la pr\u00e9sente Politique d&#039;utilisation acceptable peut entra\u00eener la suspension ou la r\u00e9siliation de votre acc\u00e8s au Site (voir <strong>Cessation d&#039;utilisation<\/strong> ci-dessous) et peut \u00e9galement vous exposer \u00e0 une responsabilit\u00e9 civile ou p\u00e9nale en vertu des lois applicables.<\/p>\n\n\n\n<h2 class=\"wp-block-heading\"><strong>Contenu g\u00e9n\u00e9r\u00e9 par les utilisateurs<\/strong><\/h2>\n\n\n\n<p>Wivlox.com le fait <strong>pas<\/strong> Actuellement, aucune fonctionnalit\u00e9 de contenu g\u00e9n\u00e9r\u00e9 par les utilisateurs, telle que les commentaires, les messages sur les forums ou le t\u00e9l\u00e9chargement de contenu, n&#039;est activ\u00e9e. Par cons\u00e9quent, cette section ne s&#039;applique pas pour le moment. Tout le contenu du Site est fourni par le propri\u00e9taire du Site ou ses contributeurs autoris\u00e9s. Si, \u00e0 l&#039;avenir, Wivlox.com propose des fonctionnalit\u00e9s interactives ou autorise les contributions des utilisateurs, ces derniers devront respecter des directives suppl\u00e9mentaires et les pr\u00e9sentes Conditions d&#039;utilisation seront mises \u00e0 jour en cons\u00e9quence. En attendant, <em>Veuillez ne pas tenter de publier ou de soumettre de contenu.<\/em> sur le Site, car il n&#039;y a pas de forums publics ni d&#039;espaces de commentaires disponibles.<\/p>\n\n\n\n<h2 class=\"wp-block-heading\"><strong>Avertissements et limitation de responsabilit\u00e9<\/strong><\/h2>\n\n\n\n<p><strong>\u00c0 titre informatif seulement\u00a0:<\/strong> Le contenu de Wivlox.com est fourni <strong>\u00e0 des fins d&#039;information et d&#039;\u00e9ducation g\u00e9n\u00e9rales uniquement<\/strong>Bien que nous nous efforcions de garantir l&#039;exactitude et l&#039;actualit\u00e9 des informations, nous ne donnons aucune garantie ni ne faisons aucune d\u00e9claration concernant l&#039;exactitude, l&#039;exhaustivit\u00e9 ou la fiabilit\u00e9 du contenu du Site. <strong>Aucun conseil professionnel\u00a0:<\/strong> Aucune information sur ce site ne constitue ni ne pr\u00e9tend constituer un avis professionnel (notamment juridique, financier, m\u00e9dical ou autre). Vous ne devez en aucun cas vous fier \u00e0 son contenu comme substitut \u00e0 l&#039;avis d&#039;un professionnel qualifi\u00e9 adapt\u00e9 \u00e0 votre situation. L&#039;utilisation des informations obtenues sur ce site se fait \u00e0 vos propres risques.<\/p>\n\n\n\n<p><strong>Clause de non-responsabilit\u00e9 \u00ab Absence de garanties \u00bb :<\/strong> Le site Wivlox.com est fourni \u00ab tel quel \u00bb et \u00ab selon disponibilit\u00e9 \u00bb. <strong>sans aucune garantie d&#039;aucune sorte<\/strong>Dans toute la mesure permise par la loi, nous d\u00e9clinons express\u00e9ment toute garantie, expresse ou implicite, y compris, mais sans s&#039;y limiter, les garanties implicites d&#039;exactitude, d&#039;exhaustivit\u00e9, d&#039;ad\u00e9quation \u00e0 un usage particulier, de qualit\u00e9 marchande et d&#039;absence de contrefa\u00e7on. Nous ne garantissons pas la disponibilit\u00e9 du Site \u00e0 un moment ou un endroit pr\u00e9cis, son fonctionnement ininterrompu ou sans erreur, ni l&#039;absence de virus ou autres composants nuisibles sur le Site (ou dans tout contenu t\u00e9l\u00e9charg\u00e9). Wivlox.com d\u00e9cline toute responsabilit\u00e9 en cas d&#039;erreurs ou d&#039;omissions dans le contenu et pour tout dommage ou perte pouvant r\u00e9sulter de l&#039;utilisation du Site ou de son contenu.<\/p>\n\n\n\n<p><strong>Limitation de responsabilit\u00e9 :<\/strong> Dans toute la mesure permise par la loi applicable, Wivlox.com et ses propri\u00e9taires, auteurs, contributeurs, affili\u00e9s et agents <strong>ne pas \u00eatre tenu responsable<\/strong> Wivlox.com et ses propri\u00e9taires ne sauraient \u00eatre tenus responsables des dommages directs, indirects, accessoires, cons\u00e9cutifs, sp\u00e9ciaux ou exemplaires d\u00e9coulant de votre utilisation (ou de votre incapacit\u00e9 \u00e0 utiliser) le Site ou de votre confiance en toute information fournie sur le Site. Cette limitation de responsabilit\u00e9 s&#039;applique \u00e0 tous types de dommages ou de pertes, y compris (sans limitation) le manque \u00e0 gagner, la perte d&#039;opportunit\u00e9s, la perte de donn\u00e9es, la perte de client\u00e8le ou toute autre perte immat\u00e9rielle. Elle s&#039;\u00e9tend \u00e9galement aux dommages corporels ou mat\u00e9riels r\u00e9sultant de votre acc\u00e8s au Site ou de son utilisation, ainsi qu&#039;\u00e0 toute r\u00e9clamation de tiers pouvant d\u00e9couler de votre utilisation du Site. Wivlox.com et ses propri\u00e9taires ne sont pas responsables des erreurs ou omissions dans le contenu du Site ni des cons\u00e9quences d\u00e9coulant de votre utilisation des informations qui y figurent. <strong>Votre seul et unique recours en cas d&#039;insatisfaction concernant le Site ou son contenu est de cesser d&#039;utiliser le Site.<\/strong> Certaines juridictions n&#039;autorisant pas l&#039;exclusion ou la limitation de certaines responsabilit\u00e9s, certaines des limitations ci-dessus peuvent ne pas vous \u00eatre applicables. Dans ces juridictions, notre responsabilit\u00e9 est limit\u00e9e dans toute la mesure permise par la loi.<\/p>\n\n\n\n<h2 class=\"wp-block-heading\"><strong>Compensation<\/strong><\/h2>\n\n\n\n<p>Vous acceptez <strong>d\u00e9fendre, indemniser et d\u00e9gager de toute responsabilit\u00e9<\/strong> Le ou les propri\u00e9taires et exploitants de Wivlox.com, ainsi que ses soci\u00e9t\u00e9s affili\u00e9es, contributeurs et agents, sont d\u00e9gag\u00e9s de toute responsabilit\u00e9 en cas de r\u00e9clamation, responsabilit\u00e9, perte, dommage, co\u00fbt ou d\u00e9pense (y compris les honoraires d&#039;avocat raisonnables) d\u00e9coulant de ou li\u00e9s \u00e0\u00a0: (a) votre violation des pr\u00e9sentes Conditions\u00a0; (b) votre violation de toute loi ou r\u00e9glementation applicable ou des droits d&#039;un tiers\u00a0; ou (c) votre utilisation du Site et de toute information ou contenu figurant sur le Site. Cette obligation d&#039;indemnisation demeure en vigueur apr\u00e8s la cessation de votre utilisation du Site et\/ou des pr\u00e9sentes Conditions.<\/p>\n\n\n\n<h2 class=\"wp-block-heading\"><strong>Liens externes<\/strong><\/h2>\n\n\n\n<p>Le Site peut contenir des liens vers des sites web externes ou du contenu tiers pour votre commodit\u00e9 et \u00e0 titre informatif. <strong>Veuillez noter que Wivlox.com n&#039;exerce aucun contr\u00f4le sur le contenu, les produits, les services ou les pratiques des sites web tiers et n&#039;en est pas responsable.<\/strong> L&#039;inclusion d&#039;un lien externe sur notre Site n&#039;implique aucune approbation ni aucun soutien de Wivlox.com \u00e0 l&#039;\u00e9gard du site web li\u00e9 ou de ses exploitants. Si vous suivez un lien vers un site web tiers, vous le faites \u00e0 vos propres risques. Nous vous encourageons vivement \u00e0 consulter les conditions d&#039;utilisation et les politiques de confidentialit\u00e9 des sites web tiers que vous visitez, car leurs conditions r\u00e9gissent vos interactions sur ces sites et peuvent diff\u00e9rer des n\u00f4tres. Wivlox.com d\u00e9cline toute responsabilit\u00e9 en cas de perte ou de dommage pouvant r\u00e9sulter de votre utilisation de sites externes.<\/p>\n\n\n\n<h2 class=\"wp-block-heading\"><strong>Cessation d&#039;utilisation<\/strong><\/h2>\n\n\n\n<p>Nous nous r\u00e9servons le droit, \u00e0 notre enti\u00e8re discr\u00e9tion, de suspendre ou de r\u00e9silier votre acc\u00e8s au Site (ou \u00e0 toute partie du Site) \u00e0 tout moment et pour quelque raison que ce soit, notamment si nous estimons que vous avez enfreint les pr\u00e9sentes Conditions d&#039;utilisation ou adopt\u00e9 un comportement que nous jugeons inappropri\u00e9 ou pr\u00e9judiciable. Cette suspension ou r\u00e9siliation peut intervenir sans pr\u00e9avis, et nous pouvons d\u00e9sactiver ou supprimer imm\u00e9diatement tout compte ou information y aff\u00e9rente (le cas \u00e9ch\u00e9ant) que vous d\u00e9tenez sur le Site. Nous nous r\u00e9servons \u00e9galement le droit de supprimer ou de modifier tout contenu du Site, ou d&#039;interrompre l&#039;acc\u00e8s au Site dans son int\u00e9gralit\u00e9, \u00e0 tout moment. Nous ne serons pas responsables envers vous ni envers aucun tiers de la r\u00e9siliation de votre acc\u00e8s au Site ni de la suppression de tout contenu du Site. Si votre acc\u00e8s est r\u00e9sili\u00e9 en raison d&#039;une violation des pr\u00e9sentes Conditions d&#039;utilisation, vous restez responsable de toutes les obligations contract\u00e9es avant la r\u00e9siliation et vous devez cesser imm\u00e9diatement toute utilisation du Site.<\/p>\n\n\n\n<h2 class=\"wp-block-heading\"><strong>Droit applicable et juridiction<\/strong><\/h2>\n\n\n\n<p>Les pr\u00e9sentes conditions g\u00e9n\u00e9rales et votre utilisation de Wivlox.com sont r\u00e9gies et interpr\u00e9t\u00e9es conform\u00e9ment aux lois de la <strong>\u00c9tat de Californie, \u00c9tats-Unis<\/strong>Sans \u00e9gard aux principes relatifs aux conflits de lois, en utilisant le Site, vous acceptez express\u00e9ment que tout litige ou r\u00e9clamation d\u00e9coulant des pr\u00e9sentes Conditions ou de votre utilisation du Site soit port\u00e9 exclusivement devant les tribunaux d&#039;\u00c9tat ou f\u00e9d\u00e9raux situ\u00e9s dans l&#039;\u00c9tat de Californie, aux \u00c9tats-Unis. Vous consentez \u00e0 la comp\u00e9tence personnelle et territoriale de ces tribunaux et renoncez \u00e0 toute objection \u00e0 cette comp\u00e9tence (y compris les objections fond\u00e9es sur l&#039;inconv\u00e9nient). Nous ne garantissons pas que le contenu du Site soit appropri\u00e9 ou disponible dans toutes les r\u00e9gions g\u00e9ographiques. Si vous choisissez d&#039;acc\u00e9der au Site depuis l&#039;ext\u00e9rieur de la Californie ou des \u00c9tats-Unis, vous le faites de votre propre initiative et \u00eates responsable du respect des lois locales applicables. L&#039;acc\u00e8s au Site depuis des territoires o\u00f9 le contenu est ill\u00e9gal est express\u00e9ment interdit.<\/p>\n\n\n\n<h2 class=\"wp-block-heading\"><strong>Modifications des conditions g\u00e9n\u00e9rales<\/strong><\/h2>\n\n\n\n<p>Nous nous r\u00e9servons le droit de mettre \u00e0 jour, de r\u00e9viser ou de modifier les pr\u00e9sentes Conditions g\u00e9n\u00e9rales \u00e0 tout moment. En cas de modification, nous publierons les conditions mises \u00e0 jour sur cette page et actualiserons la date de \u00ab\u00a0Derni\u00e8re mise \u00e0 jour\u00a0\u00bb en haut de page. <strong>Il vous incombe de consulter r\u00e9guli\u00e8rement les pr\u00e9sentes conditions d&#039;utilisation.<\/strong> Pour toute mise \u00e0 jour ou modification, veuillez consulter les conditions g\u00e9n\u00e9rales d&#039;utilisation. En continuant \u00e0 utiliser le Site apr\u00e8s toute modification des conditions g\u00e9n\u00e9rales, vous acceptez les conditions g\u00e9n\u00e9rales r\u00e9vis\u00e9es. Si vous n&#039;acceptez pas les modifications ou mises \u00e0 jour des conditions g\u00e9n\u00e9rales, vous devez cesser imm\u00e9diatement d&#039;utiliser le Site.<\/p>\n\n\n\n<h2 class=\"wp-block-heading\"><strong>Divers<\/strong><\/h2>\n\n\n\n<ul>\n<li><strong>Divisibilit\u00e9 :<\/strong> Si une disposition quelconque des pr\u00e9sentes Conditions est jug\u00e9e ill\u00e9gale, nulle ou inapplicable par un tribunal comp\u00e9tent, cette disposition sera r\u00e9put\u00e9e non \u00e9crite et n&#039;affectera pas la validit\u00e9 et l&#039;applicabilit\u00e9 des autres dispositions. Les autres dispositions demeureront pleinement en vigueur.<\/li>\n\n\n\n<li><strong>Aucune renonciation :<\/strong> Le fait que nous n&#039;exercions pas un droit ou une disposition quelconque des pr\u00e9sentes Conditions ne saurait constituer une renonciation \u00e0 ce droit ou \u00e0 cette disposition pour l&#039;avenir. Toute renonciation \u00e0 une disposition quelconque des pr\u00e9sentes Conditions ne sera valable que si elle est faite par \u00e9crit et sign\u00e9e par un repr\u00e9sentant autoris\u00e9 du propri\u00e9taire du Site.<\/li>\n\n\n\n<li><strong>Accord int\u00e9gral :<\/strong> Les pr\u00e9sentes Conditions (ainsi que toutes autres mentions l\u00e9gales ou politiques du Site, telles que notre Politique de confidentialit\u00e9) constituent l&#039;int\u00e9gralit\u00e9 de l&#039;accord entre vous et le propri\u00e9taire du Site concernant votre utilisation de Wivlox.com. Elles annulent et remplacent tous les accords, ententes ou communications ant\u00e9rieurs ou actuels entre vous et nous concernant l&#039;utilisation du Site.<\/li>\n<\/ul>\n\n\n\n<h2 class=\"wp-block-heading\"><strong>Coordonn\u00e9es<\/strong><\/h2>\n\n\n\n<p>Si vous avez des questions, des pr\u00e9occupations ou des commentaires concernant ces conditions g\u00e9n\u00e9rales, ou si vous avez besoin de nous contacter pour quelque raison que ce soit, veuillez nous \u00e9crire \u00e0 l&#039;adresse suivante\u00a0: <strong>contact@wivlox.com<\/strong>Vous pouvez \u00e9galement nous contacter via les formulaires ou les coordonn\u00e9es disponibles sur le Site. Nous nous efforcerons de r\u00e9pondre \u00e0 vos demandes dans les meilleurs d\u00e9lais.<\/p>","protected":false},"excerpt":{"rendered":"<p>Derni\u00e8re mise \u00e0 jour : 14 novembre 2025 Introduction et acceptation des conditions d&#039;utilisation Wivlox.com (le \u00ab\u00a0Site\u00a0\u00bb) est un blog d&#039;information international destin\u00e9 \u00e0 des fins de connaissances g\u00e9n\u00e9rales et \u00e9ducatives. Il ne propose ni ne vend aucun produit ou service. Les pr\u00e9sentes conditions g\u00e9n\u00e9rales d&#039;utilisation (\u00ab\u00a0Conditions\u00a0\u00bb) r\u00e9gissent votre acc\u00e8s au Site et son utilisation. En acc\u00e9dant \u00e0 Wivlox.com ou en l&#039;utilisant, [\u2026]<\/p>","protected":false},"author":9,"featured_media":0,"parent":0,"menu_order":0,"comment_status":"closed","ping_status":"closed","template":"","meta":{"footnotes":""},"yoast_head":"<!-- This site is optimized with the Yoast SEO plugin v23.3 - https:\/\/yoast.com\/wordpress\/plugins\/seo\/ -->\n<title>Terms and Conditions - wivlox.com<\/title>\n<meta name=\"robots\" content=\"index, follow, max-snippet:-1, max-image-preview:large, max-video-preview:-1\" \/>\n<link rel=\"canonical\" href=\"https:\/\/wivlox.com\/fr\/terms\/\" \/>\n<meta property=\"og:locale\" content=\"fr_FR\" \/>\n<meta property=\"og:type\" content=\"article\" \/>\n<meta property=\"og:title\" content=\"Terms and Conditions - wivlox.com\" \/>\n<meta property=\"og:description\" content=\"Last Updated: November 14, 2025 Introduction and Acceptance of Terms Wivlox.com (the \u201cSite\u201d) is a global informational blog provided for general knowledge and educational purposes, and it does not offer or sell any products or services. These Terms and Conditions (\u201cTerms\u201d) govern your access to and use of the Site. By accessing or using Wivlox.com, [&hellip;]\" \/>\n<meta property=\"og:url\" content=\"https:\/\/wivlox.com\/fr\/terms\/\" \/>\n<meta property=\"og:site_name\" content=\"wivlox.com\" \/>\n<meta property=\"article:modified_time\" content=\"2025-11-14T19:19:44+00:00\" \/>\n<meta name=\"twitter:card\" content=\"summary_large_image\" \/>\n<meta name=\"twitter:label1\" content=\"Est. reading time\" \/>\n\t<meta name=\"twitter:data1\" content=\"10 minutes\" \/>\n<script type=\"application\/ld+json\" class=\"yoast-schema-graph\">{\"@context\":\"https:\/\/schema.org\",\"@graph\":[{\"@type\":\"WebPage\",\"@id\":\"https:\/\/wivlox.com\/terms\/\",\"url\":\"https:\/\/wivlox.com\/terms\/\",\"name\":\"Terms and Conditions - wivlox.com\",\"isPartOf\":{\"@id\":\"https:\/\/wivlox.com\/#website\"},\"datePublished\":\"2025-11-14T17:26:27+00:00\",\"dateModified\":\"2025-11-14T19:19:44+00:00\",\"breadcrumb\":{\"@id\":\"https:\/\/wivlox.com\/terms\/#breadcrumb\"},\"inLanguage\":\"fr-FR\",\"potentialAction\":[{\"@type\":\"ReadAction\",\"target\":[\"https:\/\/wivlox.com\/terms\/\"]}]},{\"@type\":\"BreadcrumbList\",\"@id\":\"https:\/\/wivlox.com\/terms\/#breadcrumb\",\"itemListElement\":[{\"@type\":\"ListItem\",\"position\":1,\"name\":\"Home\",\"item\":\"https:\/\/wivlox.com\/\"},{\"@type\":\"ListItem\",\"position\":2,\"name\":\"Terms and Conditions\"}]},{\"@type\":\"WebSite\",\"@id\":\"https:\/\/wivlox.com\/#website\",\"url\":\"https:\/\/wivlox.com\/\",\"name\":\"wivlox.com\",\"description\":\"\",\"publisher\":{\"@id\":\"https:\/\/wivlox.com\/#organization\"},\"potentialAction\":[{\"@type\":\"SearchAction\",\"target\":{\"@type\":\"EntryPoint\",\"urlTemplate\":\"https:\/\/wivlox.com\/?s={search_term_string}\"},\"query-input\":\"required name=search_term_string\"}],\"inLanguage\":\"fr-FR\"},{\"@type\":\"Organization\",\"@id\":\"https:\/\/wivlox.com\/#organization\",\"name\":\"wivlox.com\",\"url\":\"https:\/\/wivlox.com\/\",\"logo\":{\"@type\":\"ImageObject\",\"inLanguage\":\"fr-FR\",\"@id\":\"https:\/\/wivlox.com\/#\/schema\/logo\/image\/\",\"url\":\"https:\/\/wivlox.com\/wp-content\/uploads\/sites\/660\/2025\/11\/Wivlox-Logo.png\",\"contentUrl\":\"https:\/\/wivlox.com\/wp-content\/uploads\/sites\/660\/2025\/11\/Wivlox-Logo.png\",\"width\":500,\"height\":500,\"caption\":\"wivlox.com\"},\"image\":{\"@id\":\"https:\/\/wivlox.com\/#\/schema\/logo\/image\/\"}}]}<\/script>\n<!-- \/ Yoast SEO plugin. -->","yoast_head_json":{"title":"Terms and Conditions - wivlox.com","robots":{"index":"index","follow":"follow","max-snippet":"max-snippet:-1","max-image-preview":"max-image-preview:large","max-video-preview":"max-video-preview:-1"},"canonical":"https:\/\/wivlox.com\/fr\/terms\/","og_locale":"fr_FR","og_type":"article","og_title":"Terms and Conditions - wivlox.com","og_description":"Last Updated: November 14, 2025 Introduction and Acceptance of Terms Wivlox.com (the \u201cSite\u201d) is a global informational blog provided for general knowledge and educational purposes, and it does not offer or sell any products or services. These Terms and Conditions (\u201cTerms\u201d) govern your access to and use of the Site. By accessing or using Wivlox.com, [&hellip;]","og_url":"https:\/\/wivlox.com\/fr\/terms\/","og_site_name":"wivlox.com","article_modified_time":"2025-11-14T19:19:44+00:00","twitter_card":"summary_large_image","twitter_misc":{"Est. reading time":"10 minutes"},"schema":{"@context":"https:\/\/schema.org","@graph":[{"@type":"WebPage","@id":"https:\/\/wivlox.com\/terms\/","url":"https:\/\/wivlox.com\/terms\/","name":"Terms and Conditions - wivlox.com","isPartOf":{"@id":"https:\/\/wivlox.com\/#website"},"datePublished":"2025-11-14T17:26:27+00:00","dateModified":"2025-11-14T19:19:44+00:00","breadcrumb":{"@id":"https:\/\/wivlox.com\/terms\/#breadcrumb"},"inLanguage":"fr-FR","potentialAction":[{"@type":"ReadAction","target":["https:\/\/wivlox.com\/terms\/"]}]},{"@type":"BreadcrumbList","@id":"https:\/\/wivlox.com\/terms\/#breadcrumb","itemListElement":[{"@type":"ListItem","position":1,"name":"Home","item":"https:\/\/wivlox.com\/"},{"@type":"ListItem","position":2,"name":"Terms and Conditions"}]},{"@type":"WebSite","@id":"https:\/\/wivlox.com\/#website","url":"https:\/\/wivlox.com\/","name":"wivlox.com","description":"","publisher":{"@id":"https:\/\/wivlox.com\/#organization"},"potentialAction":[{"@type":"SearchAction","target":{"@type":"EntryPoint","urlTemplate":"https:\/\/wivlox.com\/?s={search_term_string}"},"query-input":"required name=search_term_string"}],"inLanguage":"fr-FR"},{"@type":"Organization","@id":"https:\/\/wivlox.com\/#organization","name":"wivlox.com","url":"https:\/\/wivlox.com\/","logo":{"@type":"ImageObject","inLanguage":"fr-FR","@id":"https:\/\/wivlox.com\/#\/schema\/logo\/image\/","url":"https:\/\/wivlox.com\/wp-content\/uploads\/sites\/660\/2025\/11\/Wivlox-Logo.png","contentUrl":"https:\/\/wivlox.com\/wp-content\/uploads\/sites\/660\/2025\/11\/Wivlox-Logo.png","width":500,"height":500,"caption":"wivlox.com"},"image":{"@id":"https:\/\/wivlox.com\/#\/schema\/logo\/image\/"}}]}},"_links":{"self":[{"href":"https:\/\/wivlox.com\/fr\/wp-json\/wp\/v2\/pages\/27"}],"collection":[{"href":"https:\/\/wivlox.com\/fr\/wp-json\/wp\/v2\/pages"}],"about":[{"href":"https:\/\/wivlox.com\/fr\/wp-json\/wp\/v2\/types\/page"}],"author":[{"embeddable":true,"href":"https:\/\/wivlox.com\/fr\/wp-json\/wp\/v2\/users\/9"}],"replies":[{"embeddable":true,"href":"https:\/\/wivlox.com\/fr\/wp-json\/wp\/v2\/comments?post=27"}],"version-history":[{"count":2,"href":"https:\/\/wivlox.com\/fr\/wp-json\/wp\/v2\/pages\/27\/revisions"}],"predecessor-version":[{"id":233,"href":"https:\/\/wivlox.com\/fr\/wp-json\/wp\/v2\/pages\/27\/revisions\/233"}],"wp:attachment":[{"href":"https:\/\/wivlox.com\/fr\/wp-json\/wp\/v2\/media?parent=27"}],"curies":[{"name":"wp","href":"https:\/\/api.w.org\/{rel}","templated":true}]}}